{"id":614,"date":"2024-10-29T15:37:13","date_gmt":"2024-10-29T14:37:13","guid":{"rendered":"https:\/\/castillodezalia.com\/?page_id=614"},"modified":"2024-11-06T17:22:15","modified_gmt":"2024-11-06T16:22:15","slug":"condiciones-contratacion","status":"publish","type":"page","link":"https:\/\/castillodezalia.com\/sv\/anstallningsvillkor\/","title":{"rendered":"Villkor och anvisningar"},"content":{"rendered":"<div data-elementor-type=\"wp-page\" data-elementor-id=\"614\" class=\"elementor elementor-614\" data-elementor-post-type=\"page\">\n\t\t\t\t<div class=\"elementor-element elementor-element-636cd906 e-flex e-con-boxed e-con e-parent\" data-id=\"636cd906\" data-element_type=\"container\">\n\t\t\t\t\t<div class=\"e-con-inner\">\n\t\t\t\t<div class=\"elementor-element elementor-element-3a82319e elementor-widget elementor-widget-text-editor\" data-id=\"3a82319e\" data-element_type=\"widget\" data-widget_type=\"text-editor.default\">\n\t\t\t\t<div class=\"elementor-widget-container\">\n\t\t\t\t\t\t\t<!-- wp:heading {\"level\":4} -->\n<h4 class=\"wp-block-heading\">Bokningsvillkor<\/h4>\n<!-- \/wp:heading -->\n\n<!-- wp:paragraph -->\n<p>BEHANDLING AV PERSONUPPGIFTER<\/p>\n<!-- \/wp:paragraph -->\n\n<!-- wp:paragraph -->\n<p>I enlighet med best\u00e4mmelserna i lag 15\/1999, av den 13 december, om skydd av personuppgifter, accepterar anv\u00e4ndaren att de personuppgifter som tillhandah\u00e5lls vid bokningstillf\u00e4llet kommer att ing\u00e5 i en fil som \u00e4gs av xxxxx, nedan f\u00f6retaget, med s\u00e4te i xxxx, f\u00f6r hantering av bokningssystemet, behandling av din beg\u00e4ran, kontroll och hantering av f\u00f6rh\u00e5llandet med anv\u00e4ndare av webbplatsen som behandlar reservationer, samt f\u00f6r statistiska studier av registrerade anv\u00e4ndare av webbplatsen f\u00f6r att utforma f\u00f6rb\u00e4ttringar av de tj\u00e4nster som tillhandah\u00e5lls. Alla f\u00e4lt i de formul\u00e4r som \u00e4r markerade som obligatoriska m\u00e5ste fyllas i f\u00f6r att dina f\u00f6rfr\u00e5gningar ska kunna behandlas korrekt. De personuppgifter som du l\u00e4mnar kommer endast att l\u00e4mnas ut till tredje part i enlighet med lagstadgade skyldigheter eller med ditt f\u00f6reg\u00e5ende samtycke. Anv\u00e4ndaren samtycker uttryckligen till att de bankuppgifter som l\u00e4mnas anv\u00e4nds f\u00f6r att uppfylla de eventuella p\u00e5f\u00f6ljder f\u00f6r avbokning eller utebliven ankomst som anges i tariffvillkoren. Behandlingen av dina bokningar inneb\u00e4r n\u00f6dv\u00e4ndigtvis ovann\u00e4mnda behandling, och d\u00e4rf\u00f6r kan processen inte genomf\u00f6ras om du mots\u00e4tter dig densamma. Du kan n\u00e4r som helst ut\u00f6va din r\u00e4tt till tillg\u00e5ng, r\u00e4ttelse, annullering eller inv\u00e4ndning enligt nedan.<\/p>\n<!-- \/wp:paragraph -->\n\n<!-- wp:paragraph -->\n<p>SANNINGSHALTEN I UPPGIFTERNA<\/p>\n<!-- \/wp:paragraph -->\n\n<!-- wp:paragraph -->\n<p>Anv\u00e4ndaren \u00e4r under alla omst\u00e4ndigheter ansvarig f\u00f6r att de uppgifter som l\u00e4mnas \u00e4r korrekta, och f\u00f6retaget f\u00f6rbeh\u00e5ller sig r\u00e4tten att utesluta en anv\u00e4ndare som har l\u00e4mnat falska uppgifter fr\u00e5n de registrerade tj\u00e4nsterna, utan att det p\u00e5verkar andra \u00e5tg\u00e4rder som kan vara till\u00e4mpliga enligt lag. P\u00e5 samma s\u00e4tt m\u00e5ste anv\u00e4ndaren vara vederb\u00f6rligen bemyndigad att tillhandah\u00e5lla uppgifter fr\u00e5n tredje part. Endast med samtycke fr\u00e5n de framtida g\u00e4sterna i l\u00e4genheterna kan anv\u00e4ndaren ange deras f\u00f6r- och efternamn i avsnittet \"F\u00f6rdelning av rum\". Denna information, som g\u00f6r det m\u00f6jligt f\u00f6r den valda anl\u00e4ggningen att tillhandah\u00e5lla en b\u00e4ttre service till sina g\u00e4ster, \u00e4r frivillig, och d\u00e4rf\u00f6r inneb\u00e4r anv\u00e4ndarens inf\u00f6rande av den, under eget ansvar, att anv\u00e4ndaren tar p\u00e5 sig skyldigheten att informera dem om inneh\u00e5llet i v\u00e5r sekretesspolicy innan de tillhandah\u00e5ller personlig information.<\/p>\n<!-- \/wp:paragraph -->\n\n<!-- wp:paragraph -->\n<p>DATABEHANDLING INOM NAVIGATION<\/p>\n<!-- \/wp:paragraph -->\n\n<!-- wp:paragraph -->\n<p>I enlighet med den skyldighet som anges i artikel 22.2 i lag 34\/2002 av den 11 juli om informationssamh\u00e4llets tj\u00e4nster och elektronisk handel, informeras du h\u00e4rmed om att f\u00f6retaget anv\u00e4nder cookies. En cookie \u00e4r en bit textinformation som webbplatser \u00f6verf\u00f6r till h\u00e5rddisken p\u00e5 de datorer som ansluter till dem. Vi anv\u00e4nder sessionscookies f\u00f6r att identifiera dig och uppr\u00e4tth\u00e5lla din identifieringsstatus. Sessionscookies raderas automatiskt fr\u00e5n din h\u00e5rddisk i slutet av din session. Vi anv\u00e4nder ocks\u00e5 cookies f\u00f6r att sammanst\u00e4lla anonym, aggregerad statistik som g\u00f6r det m\u00f6jligt f\u00f6r oss att analysera hur anv\u00e4ndarna anv\u00e4nder v\u00e5r webbplats f\u00f6r att f\u00f6rb\u00e4ttra den. Endast f\u00f6ljande information samlas in och sparas om bes\u00f6kare p\u00e5 v\u00e5r webbplats:<\/p>\n<!-- \/wp:paragraph -->\n\n<!-- wp:paragraph -->\n<p>a) Leverant\u00f6rens dom\u00e4nnamn (ISP) och\/eller IP-adress som ger dem tillg\u00e5ng till n\u00e4tverket. Till exempel kommer en anv\u00e4ndare av leverant\u00f6r xxx endast att identifieras med dom\u00e4nen xxx.es och\/eller IP-adressen. P\u00e5 s\u00e5 s\u00e4tt kan vi sammanst\u00e4lla statistik \u00f6ver vilka l\u00e4nder och servrar som oftast bes\u00f6ker v\u00e5r webbplats.<\/p>\n<!-- \/wp:paragraph -->\n\n<!-- wp:paragraph -->\n<p>b) Datum och tid f\u00f6r \u00e5tkomst till v\u00e5r webbplats. Detta g\u00f6r det m\u00f6jligt f\u00f6r oss att ta reda p\u00e5 de mest belastade tiderna och g\u00f6ra n\u00f6dv\u00e4ndiga justeringar f\u00f6r att undvika problem med m\u00e4ttnad vid v\u00e5ra topptider.<\/p>\n<!-- \/wp:paragraph -->\n\n<!-- wp:paragraph -->\n<p>c) Den internetadress fr\u00e5n vilken l\u00e4nken till v\u00e5r webbplats startade. Tack vare denna information kan vi veta hur effektiva de olika banners och l\u00e4nkar som pekar p\u00e5 v\u00e5r server \u00e4r, f\u00f6r att kunna marknadsf\u00f6ra dem som ger b\u00e4st resultat.<\/p>\n<!-- \/wp:paragraph -->\n\n<!-- wp:paragraph -->\n<p>d) Antalet dagliga bes\u00f6kare i varje avsnitt. Detta g\u00f6r det m\u00f6jligt f\u00f6r oss att k\u00e4nna till de mest framg\u00e5ngsrika omr\u00e5dena och att \u00f6ka och f\u00f6rb\u00e4ttra deras inneh\u00e5ll, s\u00e5 att anv\u00e4ndarna f\u00e5r ett mer tillfredsst\u00e4llande resultat.<\/p>\n<!-- \/wp:paragraph -->\n\n<!-- wp:paragraph -->\n<p>Det kommer att g\u00f6ra det m\u00f6jligt f\u00f6r oss att f\u00e5 f\u00f6ljande information:<\/p>\n<!-- \/wp:paragraph -->\n\n<!-- wp:paragraph -->\n<p>a) Datum och tid f\u00f6r anv\u00e4ndarens senaste bes\u00f6k p\u00e5 v\u00e5r webbplats.<\/p>\n<!-- \/wp:paragraph -->\n\n<!-- wp:paragraph -->\n<p>b) Den inneh\u00e5llsdesign som anv\u00e4ndaren v\u00e4ljer n\u00e4r han eller hon bes\u00f6ker v\u00e5r webbplats.<\/p>\n<!-- \/wp:paragraph -->\n\n<!-- wp:paragraph -->\n<p>c) S\u00e4kerhetselement som ing\u00e5r i kontrollen av tilltr\u00e4de till omr\u00e5den med begr\u00e4nsat tilltr\u00e4de.<\/p>\n<!-- \/wp:paragraph -->\n\n<!-- wp:paragraph -->\n<p>\u00c4ven om den information som erh\u00e5lls i princip \u00e4r helt anonym, i enlighet med rapport 327\/2003 fr\u00e5n den spanska dataskyddsmyndigheten, informeras anv\u00e4ndarna om att ovann\u00e4mnda uppgifter kommer att ing\u00e5 i en personuppgiftsfil som tillh\u00f6r f\u00f6retaget f\u00f6r de \u00e4ndam\u00e5l som anges ovan. Anv\u00e4ndarna kan ut\u00f6va sina r\u00e4ttigheter till tillg\u00e5ng, r\u00e4ttelse, annullering och inv\u00e4ndning enligt nedan.<\/p>\n<!-- \/wp:paragraph -->\n\n<!-- wp:paragraph -->\n<p>Vi anv\u00e4nder ocks\u00e5 Google Adwords remarketingverktyg. Med det h\u00e4r verktyget kan du visa annonser i Googles inneh\u00e5llsn\u00e4tverk (mer information om Google Adwords inneh\u00e5llsn\u00e4tverk baserat p\u00e5 tidigare bes\u00f6k p\u00e5 v\u00e5r webbplats). F\u00f6r att g\u00f6ra detta inneh\u00e5ller vissa av sidorna p\u00e5 v\u00e5r webbplats en kod som kallas \"remarketingtagg\". Dessa taggar g\u00f6r det m\u00f6jligt att l\u00e4sa och konfigurera din webbl\u00e4sares cookies f\u00f6r att best\u00e4mma vilken typ av specifik annons som ska visas f\u00f6r anv\u00e4ndaren, beroende p\u00e5 element som \u00e4r relaterade till deras bes\u00f6k p\u00e5 v\u00e5r webbplats, till exempel den valda surfkretsen, de specifika sidor som bes\u00f6kts eller de \u00e5tg\u00e4rder som har utf\u00f6rts p\u00e5 dessa sidor. De remarketinglistor som skapas p\u00e5 detta s\u00e4tt lagras i en databas p\u00e5 Googles servrar, d\u00e4r alla cookie-ID som \u00e4r kopplade till varje lista eller intressekategori lagras. Den information som erh\u00e5lls g\u00f6r det endast m\u00f6jligt att identifiera en specifik webbl\u00e4sare, och Google kan inte identifiera den specifika anv\u00e4ndaren enbart med hj\u00e4lp av denna information (mer information om Remarketing-verktyget finns p\u00e5 f\u00f6ljande l\u00e4nk: www.google.es\/adwords<\/p>\n<!-- \/wp:paragraph -->\n\n<!-- wp:paragraph -->\n<p>N\u00e4r det g\u00e4ller f\u00f6retaget kan denna information endast kopplas till en specifik anv\u00e4ndare i h\u00e4ndelse av att anv\u00e4ndaren identifieras p\u00e5 webbplatsen, till exempel f\u00f6r att han \/ hon har slutf\u00f6rt en bokningsprocess. I detta fall kommer de uppgifter som erh\u00e5lls p\u00e5 detta s\u00e4tt att meddelas f\u00f6retaget f\u00f6r kommersiell prospektering och segmentering av webbplatsens anv\u00e4ndare i syfte att utforma kommersiella kampanjer i enlighet med de intressen som visas under surfningen, och uppgifterna kommer att ing\u00e5 i en fil som tillh\u00f6r ovann\u00e4mnda enhet f\u00f6r ovann\u00e4mnda syften. F\u00f6r att mots\u00e4tta sig ovann\u00e4mnda behandling och kommunikation har anv\u00e4ndaren m\u00f6jlighet att inaktivera cookies, enligt vad som anges nedan:<\/p>\n<!-- \/wp:paragraph -->\n\n<!-- wp:paragraph -->\n<p>Anv\u00e4ndaren har m\u00f6jlighet att inte ta emot cookies eller att informeras om hur de st\u00e4lls in genom att konfigurera sin webbl\u00e4sare f\u00f6r detta \u00e4ndam\u00e5l. Om du inaktiverar cookies kan det dock h\u00e4nda att du inte kan anv\u00e4nda alla funktioner p\u00e5 webbplatsen. N\u00e4r det g\u00e4ller remarketingcookies kan anv\u00e4ndaren inaktivera anv\u00e4ndningen av Google-cookies genom att bes\u00f6ka Googles opt-out-sida f\u00f6r reklam. Du kan ocks\u00e5 inaktivera DoubleClick-cookies genom att bes\u00f6ka DoubleClicks opt-out-sida. F\u00f6r att v\u00e4lja bort anv\u00e4ndningen av tredjepartscookies kan anv\u00e4ndare ocks\u00e5 bes\u00f6ka Network Advertising Initiative (NAI) opt-out-sida. Anv\u00e4ndare kan n\u00e4r som helst ut\u00f6va sina r\u00e4ttigheter till \u00e5tkomst, r\u00e4ttelse, annullering och inv\u00e4ndning enligt vad som anges nedan.<\/p>\n<!-- \/wp:paragraph -->\n\n<!-- wp:paragraph -->\n<p>FIL F\u00d6R REKLAM\u00c4NDAM\u00c5L<\/p>\n<!-- \/wp:paragraph -->\n\n<!-- wp:paragraph -->\n<p>Om anv\u00e4ndaren vill f\u00e5 information om f\u00f6retagskampanjer kan han\/hon godk\u00e4nna att hans\/hennes uppgifter \u00f6verf\u00f6rs f\u00f6r detta \u00e4ndam\u00e5l genom att helt enkelt godk\u00e4nna denna integritetspolicy. Om anv\u00e4ndaren d\u00e4remot inte vill ta emot information i detta avseende m\u00e5ste han\/hon uttryckligen kryssa i rutan f\u00f6r avregistrering. Endast n\u00e4r samtycke f\u00f6religger kommer de personuppgifter som \u00e4r n\u00f6dv\u00e4ndiga f\u00f6r kommunikationen att \u00f6verf\u00f6ras till xxxx. och anv\u00e4ndas f\u00f6r att h\u00e5lla dig informerad, antingen via e-post eller p\u00e5 annat s\u00e4tt, om nyheter, produkter och tj\u00e4nster som r\u00f6r f\u00f6retaget xxxx. Du informeras h\u00e4rmed om att dina personuppgifter, om du har angett att du vill det, kommer att ing\u00e5 i en fil med personuppgifter som f\u00f6retaget \u00e4r ansvarigt f\u00f6r och att du kan f\u00e5 tillg\u00e5ng till, avbryta, r\u00e4tta till eller mots\u00e4tta dig behandlingen av dina uppgifter genom att skriva till f\u00f6retaget p\u00e5 det s\u00e4tt som anges nedan.<\/p>\n<!-- \/wp:paragraph -->\n\n<!-- wp:paragraph -->\n<p>R\u00c4TTIGHETER<\/p>\n<!-- \/wp:paragraph -->\n\n<!-- wp:paragraph -->\n<p>R\u00e4tten till tillg\u00e5ng, r\u00e4ttelse, annullering och inv\u00e4ndning kan ut\u00f6vas skriftligen, tillsammans med en kopia av ditt ID-kort, adresserat till motsvarande File Manager p\u00e5 de adresser som anges nedan:<\/p>\n<!-- \/wp:paragraph -->\n\n<!-- wp:paragraph -->\n<p>- xxxx, 29700 V\u00e9lez-M\u00e1laga<\/p>\n<!-- \/wp:paragraph -->\n\n<!-- wp:paragraph -->\n<p>- Avbokning utan kostnad fram till 24 timmar f\u00f6re ankomstdagen.<\/p>\n<!-- \/wp:paragraph -->\n\n<!-- wp:paragraph -->\n<p>- Efter denna period debiteras en natts vistelse.<\/p>\n<!-- \/wp:paragraph -->\n\n<!-- wp:paragraph -->\n<p>- En \u00f6vernattning i h\u00e4ndelse av utebliven ankomst.<\/p>\n<!-- \/wp:paragraph -->\n\n<!-- wp:paragraph -->\n<p>AVBOKNINGSVILLKOR JULI OCH AUGUSTI<\/p>\n<!-- \/wp:paragraph -->\n\n<!-- wp:paragraph -->\n<p>- 7 dagar f\u00f6re ankomst 1 natts kostnader<\/p>\n<!-- \/wp:paragraph -->\n\n<!-- wp:paragraph -->\n<p>- 48 timmar f\u00f6re ankomst ta 50% av de totala bokningskostnaderna<\/p>\n<!-- \/wp:paragraph -->\n\n<!-- wp:paragraph -->\n<p>- 24 timmar f\u00f6re ankomst ska du ta med utl\u00e4ggsrapporten 100%.<\/p>\n<!-- \/wp:paragraph -->\n\n<!-- wp:paragraph -->\n<p>ANSVAR F\u00d6R HELHETEN<\/p>\n<!-- \/wp:paragraph -->\n\n<!-- wp:paragraph -->\n<p>Tillg\u00e5ng till sidan inneb\u00e4r inte p\u00e5 n\u00e5got s\u00e4tt att det finns en kommersiell relation mellan anv\u00e4ndaren och f\u00f6retaget. Portalen ger endast information om lediga platser vid tidpunkten f\u00f6r beg\u00e4ran av ovann\u00e4mnda information, s\u00e5 om du g\u00f6r bokningen online, avtalar du direkt med landsbygdskomplexet och inte med portalen. Den tryckta versionen av bokningen anv\u00e4nds som lokalisering n\u00e4r du g\u00e5r till receptionen.<\/p>\n<!-- \/wp:paragraph -->\n\n<!-- wp:paragraph -->\n<p>Bokning av n\u00e4tter p\u00e5 denna webbplats inneb\u00e4r att kunden f\u00f6ljer och accepterar var och en av de allm\u00e4nna villkor som anges h\u00e4r.<\/p>\n<!-- \/wp:paragraph -->\n\n<!-- wp:paragraph -->\n<p>Genom att acceptera f\u00f6ljande klausuler f\u00f6rklarar och samtycker du:<\/p>\n<!-- \/wp:paragraph -->\n\n<!-- wp:paragraph -->\n<p>1) Vara myndig och ha full kapacitet att g\u00f6ra bokningen och ange att du f\u00f6rst\u00e5r och godk\u00e4nner alla villkor som finns p\u00e5 webbplatsen.<\/p>\n<!-- \/wp:paragraph -->\n\n<!-- wp:paragraph -->\n<p>2) Att den information som l\u00e4mnas vid onlinebokningen \u00e4r sann, fullst\u00e4ndig och kortfattad.<\/p>\n<!-- \/wp:paragraph -->\n\n<!-- wp:paragraph -->\n<p>3) Endast de sidor som ing\u00e5r i webbplatskartan ing\u00e5r i webbplatsen.<\/p>\n<!-- \/wp:paragraph -->\n\n<!-- wp:paragraph -->\n<p>4) Att \u00e5tkomst till denna webbplats \u00e4r anv\u00e4ndarens ansvar.<\/p>\n<!-- \/wp:paragraph -->\n\n<!-- wp:paragraph -->\n<p>5) Att n\u00e4r reservationen har gjorts kommer det elektroniska dokument i vilket den har formaliserats att arkiveras och du kommer att kunna f\u00e5 tillg\u00e5ng till det n\u00e4r som helst.<\/p>\n<!-- \/wp:paragraph -->\n\n<!-- wp:paragraph -->\n<p>6) som bekr\u00e4ftar den gjorda bokningen, dvs. de datum som anges, antalet rum, antalet personer och den l\u00e4genhet som valts.<\/p>\n<!-- \/wp:paragraph -->\n\n<!-- wp:paragraph -->\n<p>7) Villkoren och priset f\u00f6r den gjorda bokningen \u00e4r de som uttryckligen best\u00e4ms i de tariffvillkor som uttryckligen ing\u00e5r p\u00e5 den sida du g\u00f6r bokningen.<\/p>\n<!-- \/wp:paragraph -->\n\n<!-- wp:paragraph -->\n<p>8) N\u00e4r det g\u00e4ller f\u00f6rh\u00e5llandet till portalen ger portalen dig m\u00f6jlighet att boka l\u00e4genheter via sin webbplats, men erbjuder inte n\u00e5gon form av hotelltj\u00e4nster under sitt ansvar.<\/p>\n<!-- \/wp:paragraph -->\n\n<!-- wp:paragraph -->\n<p>9) Att dina kreditkortsuppgifter samlas in i syfte att garantera bokningen. Betalning kommer att ske p\u00e5 det valda hotellet och endast vid avbokning eller utebliven ankomst kommer bokningen att annulleras och den avgift som anges i prisvillkoren kommer att tas ut.<\/p>\n<!-- \/wp:paragraph -->\n\n<!-- wp:paragraph -->\n<p>10) Erbjudanden \u00e4r endast giltiga s\u00e5 l\u00e4nge de \u00e4r tillg\u00e4ngliga f\u00f6r mottagarna av tj\u00e4nsten.<\/p>\n<!-- \/wp:paragraph -->\n\n<!-- wp:paragraph -->\n<p>PRISER<\/p>\n<!-- \/wp:paragraph -->\n\n<!-- wp:paragraph -->\n<p>De angivna priserna \u00e4r detaljhandelspriser inklusive moms.<\/p>\n<!-- \/wp:paragraph -->\n\n<!-- wp:paragraph -->\n<p>I priset ing\u00e5r: Pris per natt beroende p\u00e5 vilken typ av l\u00e4genhet och kost som valts.<\/p>\n<!-- \/wp:paragraph -->\n\n<!-- wp:paragraph -->\n<p>I priset ing\u00e5r inte: Eventuella ospecificerade tj\u00e4nster plus extrafunktioner som transfer, dricks, telefonsamtal, tv\u00e4ttservice, minibar etc.<\/p>\n<!-- \/wp:paragraph -->\n\n<!-- wp:paragraph -->\n<p>In- och utcheckningstider: som en allm\u00e4n regel, och om inte annat uttryckligen \u00f6verenskommits med anl\u00e4ggningen, kan l\u00e4genheterna anv\u00e4ndas fr\u00e5n kl. 14.00 p\u00e5 ankomstdagen och m\u00e5ste l\u00e4mnas senast kl. 12.00 p\u00e5 avresedagen.<\/p>\n<!-- \/wp:paragraph -->\n\n<!-- wp:paragraph -->\n<p>PASS OCH VISUM<\/p>\n<!-- \/wp:paragraph -->\n\n<!-- wp:paragraph -->\n<p>Alla resen\u00e4rer, utan undantag (inklusive barn), m\u00e5ste ha sina personliga och familjedokument i ordning, oavsett om det \u00e4r pass eller identitetskort, i enlighet med g\u00e4llande lagstiftning. De ansvarar f\u00f6r att skaffa visum, pass, vaccinationsintyg etc. n\u00e4r resorna s\u00e5 kr\u00e4ver. Minder\u00e5riga under 18 \u00e5r m\u00e5ste ha skriftligt tillst\u00e5nd undertecknat av sina f\u00f6r\u00e4ldrar eller v\u00e5rdnadshavare, i v\u00e4ntan p\u00e5 att det kan beg\u00e4ras av n\u00e5gon myndighet. I h\u00e4ndelse av att utf\u00e4rdande av visum v\u00e4gras av n\u00e5gon myndighet, av s\u00e4rskilda sk\u00e4l som beror p\u00e5 anv\u00e4ndaren, eller om anv\u00e4ndaren nekas inresa i landet p\u00e5 grund av att han eller hon inte uppfyller de krav som st\u00e4lls, eller p\u00e5 grund av brister i den dokumentation som kr\u00e4vs, eller f\u00f6r att han eller hon inte \u00e4r innehavare av densamma, fr\u00e5ns\u00e4ger sig anl\u00e4ggningen allt ansvar f\u00f6r h\u00e4ndelser av detta slag, och eventuella kostnader som uppst\u00e5r ska b\u00e4ras av konsumenten, och under dessa omst\u00e4ndigheter ska de villkor och regler som fastst\u00e4llts f\u00f6r uteblivet bes\u00f6k till\u00e4mpas.<\/p>\n<!-- \/wp:paragraph -->\t\t\t\t\t\t<\/div>\n\t\t\t\t<\/div>\n\t\t\t\t\t<\/div>\n\t\t\t\t<\/div>\n\t\t\t\t<\/div>","protected":false},"excerpt":{"rendered":"<p>Bokningsvillkor BEHANDLING AV PERSONUPPGIFTER I enlighet med best\u00e4mmelserna i lag 15\/1999, av den 13 december, om skydd av personuppgifter, accepterar anv\u00e4ndaren att de personuppgifter som tillhandah\u00e5lls vid bokningstillf\u00e4llet kommer att ing\u00e5 i en fil som \u00e4gs av xxxxx, nedan kallat f\u00f6retaget, med [...].<\/p>","protected":false},"author":1,"featured_media":0,"parent":0,"menu_order":0,"comment_status":"closed","ping_status":"closed","template":"","meta":{"footnotes":""},"class_list":["post-614","page","type-page","status-publish","hentry"],"yoast_head":"<!-- This site is optimized with the Yoast SEO plugin v23.8 - https:\/\/yoast.com\/wordpress\/plugins\/seo\/ -->\n<title>Condiciones de Contrataci\u00f3n - Castillo de Zalia Conjunto Rural<\/title>\n<meta name=\"robots\" content=\"noindex, follow\" \/>\n<meta property=\"og:locale\" content=\"sv_SE\" \/>\n<meta property=\"og:type\" content=\"article\" \/>\n<meta property=\"og:title\" content=\"Condiciones de Contrataci\u00f3n - Castillo de Zalia Conjunto Rural\" \/>\n<meta property=\"og:description\" content=\"Condiciones de reserva TRATAMIENTO DE DATOS PERSONALES De acuerdo con lo previsto en la Ley 15\/1999, de 13 de diciembre, sobre Protecci\u00f3n de Datos de Car\u00e1cter Personal, el usuario acepta que los datos personales aportados en el momento de su reserva sean incorporados a un fichero titularidad de xxxxx., en adelante la empresa , con [&hellip;]\" \/>\n<meta property=\"og:url\" content=\"https:\/\/castillodezalia.com\/sv\/anstallningsvillkor\/\" \/>\n<meta property=\"og:site_name\" content=\"Castillo de Zalia Conjunto Rural\" \/>\n<meta property=\"article:modified_time\" content=\"2024-11-06T16:22:15+00:00\" \/>\n<meta name=\"twitter:card\" content=\"summary_large_image\" \/>\n<meta name=\"twitter:label1\" content=\"Ber\u00e4knad l\u00e4stid\" \/>\n\t<meta name=\"twitter:data1\" content=\"10 minuter\" \/>\n<script type=\"application\/ld+json\" class=\"yoast-schema-graph\">{\"@context\":\"https:\/\/schema.org\",\"@graph\":[{\"@type\":\"WebPage\",\"@id\":\"https:\/\/castillodezalia.com\/condiciones-contratacion\/\",\"url\":\"https:\/\/castillodezalia.com\/condiciones-contratacion\/\",\"name\":\"Condiciones de Contrataci\u00f3n - Castillo de Zalia Conjunto Rural\",\"isPartOf\":{\"@id\":\"https:\/\/castillodezalia.com\/#website\"},\"datePublished\":\"2024-10-29T14:37:13+00:00\",\"dateModified\":\"2024-11-06T16:22:15+00:00\",\"breadcrumb\":{\"@id\":\"https:\/\/castillodezalia.com\/condiciones-contratacion\/#breadcrumb\"},\"inLanguage\":\"sv-SE\",\"potentialAction\":[{\"@type\":\"ReadAction\",\"target\":[\"https:\/\/castillodezalia.com\/condiciones-contratacion\/\"]}]},{\"@type\":\"BreadcrumbList\",\"@id\":\"https:\/\/castillodezalia.com\/condiciones-contratacion\/#breadcrumb\",\"itemListElement\":[{\"@type\":\"ListItem\",\"position\":1,\"name\":\"Portada\",\"item\":\"https:\/\/castillodezalia.com\/\"},{\"@type\":\"ListItem\",\"position\":2,\"name\":\"Condiciones de Contrataci\u00f3n\"}]},{\"@type\":\"WebSite\",\"@id\":\"https:\/\/castillodezalia.com\/#website\",\"url\":\"https:\/\/castillodezalia.com\/\",\"name\":\"Castillo de Zalia Conjunto Rural\",\"description\":\"\",\"publisher\":{\"@id\":\"https:\/\/castillodezalia.com\/#organization\"},\"potentialAction\":[{\"@type\":\"SearchAction\",\"target\":{\"@type\":\"EntryPoint\",\"urlTemplate\":\"https:\/\/castillodezalia.com\/?s={search_term_string}\"},\"query-input\":{\"@type\":\"PropertyValueSpecification\",\"valueRequired\":true,\"valueName\":\"search_term_string\"}}],\"inLanguage\":\"sv-SE\"},{\"@type\":\"Organization\",\"@id\":\"https:\/\/castillodezalia.com\/#organization\",\"name\":\"Castillo de Zalia Conjunto Rural\",\"url\":\"https:\/\/castillodezalia.com\/\",\"logo\":{\"@type\":\"ImageObject\",\"inLanguage\":\"sv-SE\",\"@id\":\"https:\/\/castillodezalia.com\/#\/schema\/logo\/image\/\",\"url\":\"https:\/\/castillodezalia.com\/wp-content\/uploads\/2024\/10\/351751756.jpg\",\"contentUrl\":\"https:\/\/castillodezalia.com\/wp-content\/uploads\/2024\/10\/351751756.jpg\",\"width\":1024,\"height\":652,\"caption\":\"Castillo de Zalia Conjunto Rural\"},\"image\":{\"@id\":\"https:\/\/castillodezalia.com\/#\/schema\/logo\/image\/\"}}]}<\/script>\n<!-- \/ Yoast SEO plugin. -->","yoast_head_json":{"title":"Condiciones de Contrataci\u00f3n - Castillo de Zalia Conjunto Rural","robots":{"index":"noindex","follow":"follow"},"og_locale":"sv_SE","og_type":"article","og_title":"Condiciones de Contrataci\u00f3n - Castillo de Zalia Conjunto Rural","og_description":"Condiciones de reserva TRATAMIENTO DE DATOS PERSONALES De acuerdo con lo previsto en la Ley 15\/1999, de 13 de diciembre, sobre Protecci\u00f3n de Datos de Car\u00e1cter Personal, el usuario acepta que los datos personales aportados en el momento de su reserva sean incorporados a un fichero titularidad de xxxxx., en adelante la empresa , con [&hellip;]","og_url":"https:\/\/castillodezalia.com\/sv\/anstallningsvillkor\/","og_site_name":"Castillo de Zalia Conjunto Rural","article_modified_time":"2024-11-06T16:22:15+00:00","twitter_card":"summary_large_image","twitter_misc":{"Ber\u00e4knad l\u00e4stid":"10 minuter"},"schema":{"@context":"https:\/\/schema.org","@graph":[{"@type":"WebPage","@id":"https:\/\/castillodezalia.com\/condiciones-contratacion\/","url":"https:\/\/castillodezalia.com\/condiciones-contratacion\/","name":"Condiciones de Contrataci\u00f3n - Castillo de Zalia Conjunto Rural","isPartOf":{"@id":"https:\/\/castillodezalia.com\/#website"},"datePublished":"2024-10-29T14:37:13+00:00","dateModified":"2024-11-06T16:22:15+00:00","breadcrumb":{"@id":"https:\/\/castillodezalia.com\/condiciones-contratacion\/#breadcrumb"},"inLanguage":"sv-SE","potentialAction":[{"@type":"ReadAction","target":["https:\/\/castillodezalia.com\/condiciones-contratacion\/"]}]},{"@type":"BreadcrumbList","@id":"https:\/\/castillodezalia.com\/condiciones-contratacion\/#breadcrumb","itemListElement":[{"@type":"ListItem","position":1,"name":"Portada","item":"https:\/\/castillodezalia.com\/"},{"@type":"ListItem","position":2,"name":"Condiciones de Contrataci\u00f3n"}]},{"@type":"WebSite","@id":"https:\/\/castillodezalia.com\/#website","url":"https:\/\/castillodezalia.com\/","name":"Castillo de Zalia Conjunto Rural","description":"","publisher":{"@id":"https:\/\/castillodezalia.com\/#organization"},"potentialAction":[{"@type":"SearchAction","target":{"@type":"EntryPoint","urlTemplate":"https:\/\/castillodezalia.com\/?s={search_term_string}"},"query-input":{"@type":"PropertyValueSpecification","valueRequired":true,"valueName":"search_term_string"}}],"inLanguage":"sv-SE"},{"@type":"Organization","@id":"https:\/\/castillodezalia.com\/#organization","name":"Castillo de Zalia Conjunto Rural","url":"https:\/\/castillodezalia.com\/","logo":{"@type":"ImageObject","inLanguage":"sv-SE","@id":"https:\/\/castillodezalia.com\/#\/schema\/logo\/image\/","url":"https:\/\/castillodezalia.com\/wp-content\/uploads\/2024\/10\/351751756.jpg","contentUrl":"https:\/\/castillodezalia.com\/wp-content\/uploads\/2024\/10\/351751756.jpg","width":1024,"height":652,"caption":"Castillo de Zalia Conjunto Rural"},"image":{"@id":"https:\/\/castillodezalia.com\/#\/schema\/logo\/image\/"}}]}},"_links":{"self":[{"href":"https:\/\/castillodezalia.com\/sv\/wp-json\/wp\/v2\/pages\/614"}],"collection":[{"href":"https:\/\/castillodezalia.com\/sv\/wp-json\/wp\/v2\/pages"}],"about":[{"href":"https:\/\/castillodezalia.com\/sv\/wp-json\/wp\/v2\/types\/page"}],"author":[{"embeddable":true,"href":"https:\/\/castillodezalia.com\/sv\/wp-json\/wp\/v2\/users\/1"}],"replies":[{"embeddable":true,"href":"https:\/\/castillodezalia.com\/sv\/wp-json\/wp\/v2\/comments?post=614"}],"version-history":[{"count":4,"href":"https:\/\/castillodezalia.com\/sv\/wp-json\/wp\/v2\/pages\/614\/revisions"}],"predecessor-version":[{"id":657,"href":"https:\/\/castillodezalia.com\/sv\/wp-json\/wp\/v2\/pages\/614\/revisions\/657"}],"wp:attachment":[{"href":"https:\/\/castillodezalia.com\/sv\/wp-json\/wp\/v2\/media?parent=614"}],"curies":[{"name":"wp","href":"https:\/\/api.w.org\/{rel}","templated":true}]}}