{"id":616,"date":"2024-10-29T15:38:38","date_gmt":"2024-10-29T14:38:38","guid":{"rendered":"https:\/\/castillodezalia.com\/?page_id=616"},"modified":"2024-11-06T17:22:22","modified_gmt":"2024-11-06T16:22:22","slug":"politica-cookies","status":"publish","type":"page","link":"https:\/\/castillodezalia.com\/sv\/cookiepolicy\/","title":{"rendered":"Policy f\u00f6r cookies"},"content":{"rendered":"<div data-elementor-type=\"wp-page\" data-elementor-id=\"616\" class=\"elementor elementor-616\" data-elementor-post-type=\"page\">\n\t\t\t\t<div class=\"elementor-element elementor-element-4bf8b3e6 e-flex e-con-boxed e-con e-parent\" data-id=\"4bf8b3e6\" data-element_type=\"container\">\n\t\t\t\t\t<div class=\"e-con-inner\">\n\t\t\t\t<div class=\"elementor-element elementor-element-43673a7d elementor-widget elementor-widget-text-editor\" data-id=\"43673a7d\" data-element_type=\"widget\" data-widget_type=\"text-editor.default\">\n\t\t\t\t<div class=\"elementor-widget-container\">\n\t\t\t\t\t\t\t<!-- wp:paragraph -->\n<p>Tillg\u00e5ng till denna webbplats kan inneb\u00e4ra anv\u00e4ndning av cookies. Cookies \u00e4r sm\u00e5 informationsm\u00e4ngder som lagras i den webbl\u00e4sare som anv\u00e4nds av varje anv\u00e4ndare - i de olika enheter som kan anv\u00e4ndas f\u00f6r att surfa - s\u00e5 att servern kommer ih\u00e5g viss information som d\u00e4refter endast kommer att l\u00e4sas av den server som implementerade den. Cookies g\u00f6r det enklare och mer anv\u00e4ndarv\u00e4nligt att surfa och skadar inte den enhet som anv\u00e4nds f\u00f6r att surfa.<\/p>\n<!-- \/wp:paragraph -->\n\n<!-- wp:paragraph -->\n<p>Cookies \u00e4r automatiska f\u00f6rfaranden f\u00f6r att samla in information om de preferenser som Anv\u00e4ndaren best\u00e4mmer under sitt bes\u00f6k p\u00e5 Webbplatsen f\u00f6r att k\u00e4nna igen honom\/henne som Anv\u00e4ndare och f\u00f6r att anpassa hans\/hennes upplevelse och anv\u00e4ndning av Webbplatsen, och kan ocks\u00e5, till exempel, hj\u00e4lpa till att identifiera och l\u00f6sa fel.<\/p>\n<!-- \/wp:paragraph -->\n\n<!-- wp:paragraph -->\n<p>Den information som samlas in via cookies kan omfatta datum och tid f\u00f6r bes\u00f6k p\u00e5 webbplatsen, vilka sidor som visas, den tid som tillbringas p\u00e5 webbplatsen och de webbplatser som bes\u00f6ks strax f\u00f6re och strax efter webbplatsen. Ingen cookie till\u00e5ter dock att denna cookie kontaktar Anv\u00e4ndarens telefonnummer eller n\u00e5got annat s\u00e4tt f\u00f6r personlig kontakt. Ingen cookie kan h\u00e4mta information fr\u00e5n Anv\u00e4ndarens h\u00e5rddisk eller stj\u00e4la personlig information. Det enda s\u00e4ttet f\u00f6r anv\u00e4ndarens privata information att ing\u00e5 i cookie-filen \u00e4r att anv\u00e4ndaren personligen ger den informationen till servern.<\/p>\n<!-- \/wp:paragraph -->\n\n<!-- wp:paragraph -->\n<p>Cookies som g\u00f6r det m\u00f6jligt att identifiera en person betraktas som personuppgifter. D\u00e4rf\u00f6r ska den ovann\u00e4mnda sekretesspolicyn till\u00e4mpas p\u00e5 dem. I detta avseende kr\u00e4ver anv\u00e4ndningen av cookies anv\u00e4ndarens samtycke. Detta samtycke kommer att meddelas, p\u00e5 grundval av ett verkligt val, erbjudas genom ett bekr\u00e4ftande och positivt beslut, f\u00f6re den inledande behandlingen, och kommer att kunna tas bort och dokumenteras.<\/p>\n<!-- \/wp:paragraph -->\n\n<!-- wp:heading {\"level\":4} -->\n<h4 class=\"wp-block-heading\">Egna kakor<\/h4>\n<!-- \/wp:heading -->\n\n<!-- wp:paragraph -->\n<p>Dessa \u00e4r cookies som skickas till anv\u00e4ndarens dator eller enhet och hanteras uteslutande av Castillo de Zalia f\u00f6r att webbplatsen ska fungera b\u00e4ttre. Den insamlade informationen anv\u00e4nds f\u00f6r att f\u00f6rb\u00e4ttra kvaliteten p\u00e5 webbplatsen och dess inneh\u00e5ll samt din upplevelse som anv\u00e4ndare. Dessa cookies g\u00f6r det m\u00f6jligt att k\u00e4nna igen anv\u00e4ndaren som en \u00e5terkommande bes\u00f6kare p\u00e5 webbplatsen och anpassa inneh\u00e5llet f\u00f6r att erbjuda dem inneh\u00e5ll som passar deras preferenser.<\/p>\n<!-- \/wp:paragraph -->\n\n<!-- wp:heading {\"level\":4} -->\n<h4 class=\"wp-block-heading\">Cookies fr\u00e5n tredje part<\/h4>\n<!-- \/wp:heading -->\n\n<!-- wp:paragraph -->\n<p>Dessa cookies anv\u00e4nds och hanteras av externa enheter som f\u00f6rser Castillo de Zalia med tj\u00e4nster som efterfr\u00e5gas av den senare f\u00f6r att f\u00f6rb\u00e4ttra webbplatsen och anv\u00e4ndarens upplevelse n\u00e4r denne surfar p\u00e5 webbplatsen. De huvudsakliga syftena med att anv\u00e4nda tredjepartscookies \u00e4r att f\u00e5 tillg\u00e5ng till statistik och analysera webbl\u00e4sarinformation, dvs. hur anv\u00e4ndaren interagerar med webbplatsen.<\/p>\n<!-- \/wp:paragraph -->\n\n<!-- wp:paragraph -->\n<p>Den information som erh\u00e5lls avser t.ex. antalet bes\u00f6kta sidor, spr\u00e5k, plats d\u00e4r IP-adressen fr\u00e5n vilken anv\u00e4ndaren g\u00e5r in, antalet anv\u00e4ndare som g\u00e5r in, frekvens och \u00e5terkommande bes\u00f6k, tidpunkt f\u00f6r bes\u00f6ket, vilken webbl\u00e4sare som anv\u00e4nds, operat\u00f6r eller typ av enhet fr\u00e5n vilken bes\u00f6ket g\u00f6rs. Denna information anv\u00e4nds f\u00f6r att f\u00f6rb\u00e4ttra webbplatsen och f\u00f6r att uppt\u00e4cka nya behov i syfte att erbjuda anv\u00e4ndarna inneh\u00e5ll och\/eller tj\u00e4nster av b\u00e4sta m\u00f6jliga kvalitet. Under alla omst\u00e4ndigheter samlas informationen in anonymt och rapporter om trender p\u00e5 webbplatsen uppr\u00e4ttas utan att enskilda anv\u00e4ndare identifieras.<\/p>\n<!-- \/wp:paragraph -->\n\n<!-- wp:paragraph -->\n<p>Du kan f\u00e5 mer information om cookies, integritetsinformation eller l\u00e4sa beskrivningen av vilken typ av cookies som anv\u00e4nds, deras huvudsakliga egenskaper, utg\u00e5ngsperiod etc. p\u00e5 f\u00f6ljande l\u00e4nk(ar):<\/p>\n<!-- \/wp:paragraph -->\n\n<!-- wp:preformatted -->\n<pre class=\"wp-block-preformatted\">Google Analytics: https:\/\/developers.google.com\/analytics\/<\/pre>\n<!-- \/wp:preformatted -->\n\n<!-- wp:paragraph -->\n<p>Den eller de enheter som ansvarar f\u00f6r tillhandah\u00e5llandet av cookies kan komma att \u00f6verf\u00f6ra denna information till tredje part, om s\u00e5 kr\u00e4vs enligt lag eller om en tredje part behandlar denna information f\u00f6r s\u00e5dana enheters r\u00e4kning.<\/p>\n<!-- \/wp:paragraph -->\n\n<!-- wp:heading {\"level\":4} -->\n<h4 class=\"wp-block-heading\">Cookies f\u00f6r sociala medier<\/h4>\n<!-- \/wp:heading -->\n\n<!-- wp:paragraph -->\n<p>Castillo de Zalia inneh\u00e5ller plugins f\u00f6r sociala medier, som ger tillg\u00e5ng till sociala n\u00e4tverk fr\u00e5n webbplatsen. Av denna anledning kan cookies fr\u00e5n sociala n\u00e4tverk lagras i anv\u00e4ndarens webbl\u00e4sare. \u00c4garna till dessa sociala n\u00e4tverk har sina egna dataskydds- och cookiepolicyer och \u00e4r i varje enskilt fall ansvariga f\u00f6r sina egna filer och sin egen sekretesspraxis. Anv\u00e4ndaren b\u00f6r v\u00e4nda sig till dem f\u00f6r att f\u00e5 information om dessa cookies och, i f\u00f6rekommande fall, behandlingen av sina personuppgifter. Endast i informationssyfte anges nedan de l\u00e4nkar d\u00e4r dessa sekretess- och\/eller cookiepolicyer kan l\u00e4sas:<\/p>\n<!-- \/wp:paragraph -->\n\n<!-- wp:list -->\n<ul class=\"wp-block-list\"><!-- wp:list-item -->\n<li>Facebook: <a href=\"https:\/\/www.facebook.com\/policies\/cookies\/\">https:\/\/www.facebook.com\/policies\/cookies\/<\/a><\/li>\n<!-- \/wp:list-item -->\n\n<!-- wp:list-item -->\n<li>Twitter: <a href=\"https:\/\/twitter.com\/es\/privacy\">https:\/\/twitter.com\/es\/privacy<\/a><\/li>\n<!-- \/wp:list-item -->\n\n<!-- wp:list-item -->\n<li>Instagram: <a href=\"https:\/\/help.instagram.com\/1896641480634370?ref=ig\">https:\/\/help.instagram.com\/1896641480634370?ref=ig<\/a><\/li>\n<!-- \/wp:list-item -->\n\n<!-- wp:list-item -->\n<li>YouTube: <a href=\"https:\/\/policies.google.com\/privacy?hl=es-419&amp;gl=mx\">https:\/\/policies.google.com\/privacy?hl=es-419&amp;gl=mx<\/a><\/li>\n<!-- \/wp:list-item -->\n\n<!-- wp:list-item -->\n<li>Pinterest: <a href=\"https:\/\/policy.pinterest.com\/es\/privacy-policy\">https:\/\/policy.pinterest.com\/es\/privacy-policy<\/a><\/li>\n<!-- \/wp:list-item -->\n\n<!-- wp:list-item -->\n<li>LinkedIn: <a href=\"https:\/\/www.linkedin.com\/legal\/cookie-policy?trk=hp-cookies\">https:\/\/www.linkedin.com\/legal\/cookie-policy?trk=hp-cookies<\/a><\/li>\n<!-- \/wp:list-item --><\/ul>\n<!-- \/wp:list -->\n\n<!-- wp:heading {\"level\":4} -->\n<h4 class=\"wp-block-heading\">Avaktivera, avvisa och radera cookies<\/h4>\n<!-- \/wp:heading -->\n\n<!-- wp:paragraph -->\n<p>Anv\u00e4ndaren kan inaktivera, avvisa och radera cookies - helt eller delvis - som installerats p\u00e5 dennes enhet genom att konfigurera sin webbl\u00e4sare (inklusive, till exempel, Chrome, Firefox, Safari, Explorer). I detta avseende kan procedurerna f\u00f6r att avvisa och radera cookies skilja sig \u00e5t mellan olika webbl\u00e4sare. Anv\u00e4ndaren m\u00e5ste d\u00e4rf\u00f6r f\u00f6lja anvisningarna i den webbl\u00e4sare som han eller hon anv\u00e4nder. Om du avvisar anv\u00e4ndningen av cookies - helt eller delvis - kan du forts\u00e4tta att anv\u00e4nda webbplatsen, \u00e4ven om anv\u00e4ndningen av vissa av dess funktioner kan vara begr\u00e4nsad.<\/p>\n<!-- \/wp:paragraph -->\t\t\t\t\t\t<\/div>\n\t\t\t\t<\/div>\n\t\t\t\t\t<\/div>\n\t\t\t\t<\/div>\n\t\t\t\t<\/div>","protected":false},"excerpt":{"rendered":"<p>Tillg\u00e5ng till denna webbplats kan inneb\u00e4ra anv\u00e4ndning av cookies. Cookies \u00e4r sm\u00e5 m\u00e4ngder information som lagras i den webbl\u00e4sare som anv\u00e4nds av varje anv\u00e4ndare - i de olika enheter som kan anv\u00e4ndas f\u00f6r att surfa - s\u00e5 att servern kommer ih\u00e5g viss information som d\u00e4refter endast kommer att l\u00e4sas av den server som implementerade den. [...]<\/p>","protected":false},"author":1,"featured_media":0,"parent":0,"menu_order":0,"comment_status":"closed","ping_status":"closed","template":"","meta":{"footnotes":""},"class_list":["post-616","page","type-page","status-publish","hentry"],"yoast_head":"<!-- This site is optimized with the Yoast SEO plugin v23.8 - https:\/\/yoast.com\/wordpress\/plugins\/seo\/ -->\n<title>Pol\u00edtica de Cookies - Castillo de Zalia Conjunto Rural<\/title>\n<meta name=\"robots\" content=\"noindex, follow\" \/>\n<meta property=\"og:locale\" content=\"sv_SE\" \/>\n<meta property=\"og:type\" content=\"article\" \/>\n<meta property=\"og:title\" content=\"Pol\u00edtica de Cookies - Castillo de Zalia Conjunto Rural\" \/>\n<meta property=\"og:description\" content=\"El acceso a este Sitio Web puede implicar la utilizaci\u00f3n de cookies. Las cookies son peque\u00f1as cantidades de informaci\u00f3n que se almacenan en el navegador utilizado por cada Usuario \u2014en los distintos dispositivos que pueda utilizar para navegar\u2014 para que el servidor recuerde cierta informaci\u00f3n que posteriormente y \u00fanicamente el servidor que la implement\u00f3 leer\u00e1. [&hellip;]\" \/>\n<meta property=\"og:url\" content=\"https:\/\/castillodezalia.com\/sv\/cookiepolicy\/\" \/>\n<meta property=\"og:site_name\" content=\"Castillo de Zalia Conjunto Rural\" \/>\n<meta property=\"article:modified_time\" content=\"2024-11-06T16:22:22+00:00\" \/>\n<meta name=\"twitter:card\" content=\"summary_large_image\" \/>\n<meta name=\"twitter:label1\" content=\"Ber\u00e4knad l\u00e4stid\" \/>\n\t<meta name=\"twitter:data1\" content=\"4 minuter\" \/>\n<script type=\"application\/ld+json\" class=\"yoast-schema-graph\">{\"@context\":\"https:\/\/schema.org\",\"@graph\":[{\"@type\":\"WebPage\",\"@id\":\"https:\/\/castillodezalia.com\/politica-cookies\/\",\"url\":\"https:\/\/castillodezalia.com\/politica-cookies\/\",\"name\":\"Pol\u00edtica de Cookies - Castillo de Zalia Conjunto Rural\",\"isPartOf\":{\"@id\":\"https:\/\/castillodezalia.com\/#website\"},\"datePublished\":\"2024-10-29T14:38:38+00:00\",\"dateModified\":\"2024-11-06T16:22:22+00:00\",\"breadcrumb\":{\"@id\":\"https:\/\/castillodezalia.com\/politica-cookies\/#breadcrumb\"},\"inLanguage\":\"sv-SE\",\"potentialAction\":[{\"@type\":\"ReadAction\",\"target\":[\"https:\/\/castillodezalia.com\/politica-cookies\/\"]}]},{\"@type\":\"BreadcrumbList\",\"@id\":\"https:\/\/castillodezalia.com\/politica-cookies\/#breadcrumb\",\"itemListElement\":[{\"@type\":\"ListItem\",\"position\":1,\"name\":\"Portada\",\"item\":\"https:\/\/castillodezalia.com\/\"},{\"@type\":\"ListItem\",\"position\":2,\"name\":\"Pol\u00edtica de Cookies\"}]},{\"@type\":\"WebSite\",\"@id\":\"https:\/\/castillodezalia.com\/#website\",\"url\":\"https:\/\/castillodezalia.com\/\",\"name\":\"Castillo de Zalia Conjunto Rural\",\"description\":\"\",\"publisher\":{\"@id\":\"https:\/\/castillodezalia.com\/#organization\"},\"potentialAction\":[{\"@type\":\"SearchAction\",\"target\":{\"@type\":\"EntryPoint\",\"urlTemplate\":\"https:\/\/castillodezalia.com\/?s={search_term_string}\"},\"query-input\":{\"@type\":\"PropertyValueSpecification\",\"valueRequired\":true,\"valueName\":\"search_term_string\"}}],\"inLanguage\":\"sv-SE\"},{\"@type\":\"Organization\",\"@id\":\"https:\/\/castillodezalia.com\/#organization\",\"name\":\"Castillo de Zalia Conjunto Rural\",\"url\":\"https:\/\/castillodezalia.com\/\",\"logo\":{\"@type\":\"ImageObject\",\"inLanguage\":\"sv-SE\",\"@id\":\"https:\/\/castillodezalia.com\/#\/schema\/logo\/image\/\",\"url\":\"https:\/\/castillodezalia.com\/wp-content\/uploads\/2024\/10\/351751756.jpg\",\"contentUrl\":\"https:\/\/castillodezalia.com\/wp-content\/uploads\/2024\/10\/351751756.jpg\",\"width\":1024,\"height\":652,\"caption\":\"Castillo de Zalia Conjunto Rural\"},\"image\":{\"@id\":\"https:\/\/castillodezalia.com\/#\/schema\/logo\/image\/\"}}]}<\/script>\n<!-- \/ Yoast SEO plugin. -->","yoast_head_json":{"title":"Pol\u00edtica de Cookies - Castillo de Zalia Conjunto Rural","robots":{"index":"noindex","follow":"follow"},"og_locale":"sv_SE","og_type":"article","og_title":"Pol\u00edtica de Cookies - Castillo de Zalia Conjunto Rural","og_description":"El acceso a este Sitio Web puede implicar la utilizaci\u00f3n de cookies. Las cookies son peque\u00f1as cantidades de informaci\u00f3n que se almacenan en el navegador utilizado por cada Usuario \u2014en los distintos dispositivos que pueda utilizar para navegar\u2014 para que el servidor recuerde cierta informaci\u00f3n que posteriormente y \u00fanicamente el servidor que la implement\u00f3 leer\u00e1. [&hellip;]","og_url":"https:\/\/castillodezalia.com\/sv\/cookiepolicy\/","og_site_name":"Castillo de Zalia Conjunto Rural","article_modified_time":"2024-11-06T16:22:22+00:00","twitter_card":"summary_large_image","twitter_misc":{"Ber\u00e4knad l\u00e4stid":"4 minuter"},"schema":{"@context":"https:\/\/schema.org","@graph":[{"@type":"WebPage","@id":"https:\/\/castillodezalia.com\/politica-cookies\/","url":"https:\/\/castillodezalia.com\/politica-cookies\/","name":"Pol\u00edtica de Cookies - Castillo de Zalia Conjunto Rural","isPartOf":{"@id":"https:\/\/castillodezalia.com\/#website"},"datePublished":"2024-10-29T14:38:38+00:00","dateModified":"2024-11-06T16:22:22+00:00","breadcrumb":{"@id":"https:\/\/castillodezalia.com\/politica-cookies\/#breadcrumb"},"inLanguage":"sv-SE","potentialAction":[{"@type":"ReadAction","target":["https:\/\/castillodezalia.com\/politica-cookies\/"]}]},{"@type":"BreadcrumbList","@id":"https:\/\/castillodezalia.com\/politica-cookies\/#breadcrumb","itemListElement":[{"@type":"ListItem","position":1,"name":"Portada","item":"https:\/\/castillodezalia.com\/"},{"@type":"ListItem","position":2,"name":"Pol\u00edtica de Cookies"}]},{"@type":"WebSite","@id":"https:\/\/castillodezalia.com\/#website","url":"https:\/\/castillodezalia.com\/","name":"Castillo de Zalia Conjunto Rural","description":"","publisher":{"@id":"https:\/\/castillodezalia.com\/#organization"},"potentialAction":[{"@type":"SearchAction","target":{"@type":"EntryPoint","urlTemplate":"https:\/\/castillodezalia.com\/?s={search_term_string}"},"query-input":{"@type":"PropertyValueSpecification","valueRequired":true,"valueName":"search_term_string"}}],"inLanguage":"sv-SE"},{"@type":"Organization","@id":"https:\/\/castillodezalia.com\/#organization","name":"Castillo de Zalia Conjunto Rural","url":"https:\/\/castillodezalia.com\/","logo":{"@type":"ImageObject","inLanguage":"sv-SE","@id":"https:\/\/castillodezalia.com\/#\/schema\/logo\/image\/","url":"https:\/\/castillodezalia.com\/wp-content\/uploads\/2024\/10\/351751756.jpg","contentUrl":"https:\/\/castillodezalia.com\/wp-content\/uploads\/2024\/10\/351751756.jpg","width":1024,"height":652,"caption":"Castillo de Zalia Conjunto Rural"},"image":{"@id":"https:\/\/castillodezalia.com\/#\/schema\/logo\/image\/"}}]}},"_links":{"self":[{"href":"https:\/\/castillodezalia.com\/sv\/wp-json\/wp\/v2\/pages\/616"}],"collection":[{"href":"https:\/\/castillodezalia.com\/sv\/wp-json\/wp\/v2\/pages"}],"about":[{"href":"https:\/\/castillodezalia.com\/sv\/wp-json\/wp\/v2\/types\/page"}],"author":[{"embeddable":true,"href":"https:\/\/castillodezalia.com\/sv\/wp-json\/wp\/v2\/users\/1"}],"replies":[{"embeddable":true,"href":"https:\/\/castillodezalia.com\/sv\/wp-json\/wp\/v2\/comments?post=616"}],"version-history":[{"count":5,"href":"https:\/\/castillodezalia.com\/sv\/wp-json\/wp\/v2\/pages\/616\/revisions"}],"predecessor-version":[{"id":664,"href":"https:\/\/castillodezalia.com\/sv\/wp-json\/wp\/v2\/pages\/616\/revisions\/664"}],"wp:attachment":[{"href":"https:\/\/castillodezalia.com\/sv\/wp-json\/wp\/v2\/media?parent=616"}],"curies":[{"name":"wp","href":"https:\/\/api.w.org\/{rel}","templated":true}]}}