{"id":649,"date":"2024-10-29T15:57:34","date_gmt":"2024-10-29T14:57:34","guid":{"rendered":"https:\/\/castillodezalia.com\/?page_id=649"},"modified":"2024-10-29T16:01:09","modified_gmt":"2024-10-29T15:01:09","slug":"normas-mascotas","status":"publish","type":"page","link":"https:\/\/castillodezalia.com\/sv\/regler-for-sallskapsdjur\/","title":{"rendered":"Normer f\u00f6r husdjur"},"content":{"rendered":"<div data-elementor-type=\"wp-page\" data-elementor-id=\"649\" class=\"elementor elementor-649\" data-elementor-post-type=\"page\">\n\t\t\t\t<div class=\"elementor-element elementor-element-3e0d154b e-flex e-con-boxed e-con e-parent\" data-id=\"3e0d154b\" data-element_type=\"container\">\n\t\t\t\t\t<div class=\"e-con-inner\">\n\t\t\t\t<div class=\"elementor-element elementor-element-11bebe19 elementor-widget elementor-widget-text-editor\" data-id=\"11bebe19\" data-element_type=\"widget\" data-widget_type=\"text-editor.default\">\n\t\t\t\t<div class=\"elementor-widget-container\">\n\t\t\t\t\t\t\t<!-- wp:heading -->\n<h2 class=\"wp-block-heading\">Dina husdjur i Castillo de Zalia lantlig anl\u00e4ggning!<\/h2>\n<!-- \/wp:heading -->\n\n<!-- wp:paragraph -->\n<p>I v\u00e5rt landsbygdskomplex vet vi att det \u00e4r mycket viktigt att dina barns&nbsp;<strong>semester&nbsp;<\/strong>of\u00f6rgl\u00f6mliga, och det \u00e4r d\u00e4rf\u00f6r de inte kan vara of\u00f6rgl\u00f6mliga om du inte kommer med alla dina&nbsp;<strong>familj<\/strong>... och med allt menar vi din&nbsp;<strong>husdjur&nbsp;<\/strong>(oavsett om det \u00e4r hundar eller katter).<\/p>\n<!-- \/wp:paragraph -->\n\n<!-- wp:paragraph -->\n<p><strong>Det \u00e4r d\u00e4rf\u00f6r du fr\u00e5n och med nu kan komma med dina husdjur till v\u00e5rt lantliga komplex i Alcauc\u00edn, b\u00e5de till l\u00e4genheterna och till det enskilda huset,<\/strong>&nbsp;under f\u00f6ruts\u00e4ttning att f\u00f6ljande villkor \u00e4r uppfyllda&nbsp;<strong>f\u00f6rh\u00e5llanden:<\/strong><\/p>\n<!-- \/wp:paragraph -->\n\n<!-- wp:list -->\n<ul class=\"wp-block-list\"><!-- wp:list-item -->\n<li>Alla husdjur m\u00e5ste h\u00e5llas inne i varje hyrd fastighet.<\/li>\n<!-- \/wp:list-item -->\n\n<!-- wp:list-item -->\n<li>Husdjur m\u00e5ste h\u00e5llas kopplade n\u00e4r de l\u00e4mnar huset.\u00a0<strong>De kommer aldrig att g\u00f6ra det l\u00f6sa<\/strong>. Munkorg ska endast anv\u00e4ndas om ras- eller speciallagstiftningen s\u00e5 f\u00f6reskriver.<\/li>\n<!-- \/wp:list-item -->\n\n<!-- wp:list-item -->\n<li>Husdjur \u00e4r inte till\u00e5tna i tr\u00e4dg\u00e5rdarna, poolen och grillplatsen.<\/li>\n<!-- \/wp:list-item -->\n\n<!-- wp:list-item -->\n<li>Familjen som kommer med sina husdjur b\u00f6r t\u00e4nka p\u00e5 b\u00e5de sina husdjurs och sina grannars komfort och f\u00f6rs\u00f6ka undvika sk\u00e4llande, on\u00f6digt buller etc. f\u00f6r en god samexistens med resten av hyresg\u00e4sterna.<\/li>\n<!-- \/wp:list-item -->\n\n<!-- wp:list-item -->\n<li>\u00c4garen ska ansvara f\u00f6r avf\u00f6ring som sl\u00e4pps ut i djurutrymmet.<\/li>\n<!-- \/wp:list-item -->\n\n<!-- wp:list-item -->\n<li>The Zalia Castle Company kommer aldrig att h\u00e5llas ansvarigt f\u00f6r n\u00e5gon skada eller olycka som kan intr\u00e4ffa i lokalerna.<\/li>\n<!-- \/wp:list-item -->\n\n<!-- wp:list-item -->\n<li>Eventuella skador som orsakas av husdjur i l\u00e4genheten kommer att vara \u00e4garens ansvar.<\/li>\n<!-- \/wp:list-item -->\n\n<!-- wp:list-item -->\n<li>Det finns inga husdjurs-, hygien-, mat- eller fritidsprodukter i anl\u00e4ggningen.<\/li>\n<!-- \/wp:list-item -->\n\n<!-- wp:list-item -->\n<li>Pris f\u00f6r varje husdjur: 5 \u20ac \/ dag \/ husdjur<\/li>\n<!-- \/wp:list-item --><\/ul>\n<!-- \/wp:list -->\n\n<!-- wp:paragraph -->\n<p>Tack s\u00e5 mycket och njut av din vistelse.<\/p>\n<!-- \/wp:paragraph -->\t\t\t\t\t\t<\/div>\n\t\t\t\t<\/div>\n\t\t\t\t\t<\/div>\n\t\t\t\t<\/div>\n\t\t\t\t<\/div>","protected":false},"excerpt":{"rendered":"<p>Dina husdjur i Castillo de Zalia lantliga komplex! I v\u00e5rt lantliga komplex vet vi att det \u00e4r mycket viktigt att din semester blir of\u00f6rgl\u00f6mlig, och d\u00e4rf\u00f6r kan den inte bli det om inte hela din familj kommer ... och med hela menar vi dina husdjur (oavsett om de \u00e4r hundar eller katter). Det \u00e4r d\u00e4rf\u00f6r du fr\u00e5n och med nu kan komma med dina husdjur till [...]<\/p>","protected":false},"author":1,"featured_media":0,"parent":0,"menu_order":0,"comment_status":"closed","ping_status":"closed","template":"","meta":{"footnotes":""},"class_list":["post-649","page","type-page","status-publish","hentry"],"yoast_head":"<!-- This site is optimized with the Yoast SEO plugin v23.8 - https:\/\/yoast.com\/wordpress\/plugins\/seo\/ -->\n<title>Normas Mascotas - Castillo de Zalia Conjunto Rural<\/title>\n<meta name=\"robots\" content=\"index, follow, max-snippet:-1, max-image-preview:large, max-video-preview:-1\" \/>\n<link rel=\"canonical\" href=\"https:\/\/castillodezalia.com\/sv\/regler-for-sallskapsdjur\/\" \/>\n<meta property=\"og:locale\" content=\"sv_SE\" \/>\n<meta property=\"og:type\" content=\"article\" \/>\n<meta property=\"og:title\" content=\"Normas Mascotas - Castillo de Zalia Conjunto Rural\" \/>\n<meta property=\"og:description\" content=\"\u00a1Tus mascotas en conjunto rural Castillo de Zalia! En nuestro conjunto rural sabemos que es muy importante que tus&nbsp;vacaciones&nbsp;sean inolvidables, y por eso \u00e9stas no pueden serlo si no viene toda tu&nbsp;familia\u2026 y con toda nos referimos a tus&nbsp;mascotas&nbsp;(ya sean perros o gatos). Por eso a partir de ahora podr\u00e1s venir con tus mascotas a [&hellip;]\" \/>\n<meta property=\"og:url\" content=\"https:\/\/castillodezalia.com\/sv\/regler-for-sallskapsdjur\/\" \/>\n<meta property=\"og:site_name\" content=\"Castillo de Zalia Conjunto Rural\" \/>\n<meta property=\"article:modified_time\" content=\"2024-10-29T15:01:09+00:00\" \/>\n<meta name=\"twitter:card\" content=\"summary_large_image\" \/>\n<meta name=\"twitter:label1\" content=\"Ber\u00e4knad l\u00e4stid\" \/>\n\t<meta name=\"twitter:data1\" content=\"1 minut\" \/>\n<script type=\"application\/ld+json\" class=\"yoast-schema-graph\">{\"@context\":\"https:\/\/schema.org\",\"@graph\":[{\"@type\":\"WebPage\",\"@id\":\"https:\/\/castillodezalia.com\/normas-mascotas\/\",\"url\":\"https:\/\/castillodezalia.com\/normas-mascotas\/\",\"name\":\"Normas Mascotas - Castillo de Zalia Conjunto Rural\",\"isPartOf\":{\"@id\":\"https:\/\/castillodezalia.com\/#website\"},\"datePublished\":\"2024-10-29T14:57:34+00:00\",\"dateModified\":\"2024-10-29T15:01:09+00:00\",\"breadcrumb\":{\"@id\":\"https:\/\/castillodezalia.com\/normas-mascotas\/#breadcrumb\"},\"inLanguage\":\"sv-SE\",\"potentialAction\":[{\"@type\":\"ReadAction\",\"target\":[\"https:\/\/castillodezalia.com\/normas-mascotas\/\"]}]},{\"@type\":\"BreadcrumbList\",\"@id\":\"https:\/\/castillodezalia.com\/normas-mascotas\/#breadcrumb\",\"itemListElement\":[{\"@type\":\"ListItem\",\"position\":1,\"name\":\"Portada\",\"item\":\"https:\/\/castillodezalia.com\/\"},{\"@type\":\"ListItem\",\"position\":2,\"name\":\"Normas Mascotas\"}]},{\"@type\":\"WebSite\",\"@id\":\"https:\/\/castillodezalia.com\/#website\",\"url\":\"https:\/\/castillodezalia.com\/\",\"name\":\"Castillo de Zalia Conjunto Rural\",\"description\":\"\",\"publisher\":{\"@id\":\"https:\/\/castillodezalia.com\/#organization\"},\"potentialAction\":[{\"@type\":\"SearchAction\",\"target\":{\"@type\":\"EntryPoint\",\"urlTemplate\":\"https:\/\/castillodezalia.com\/?s={search_term_string}\"},\"query-input\":{\"@type\":\"PropertyValueSpecification\",\"valueRequired\":true,\"valueName\":\"search_term_string\"}}],\"inLanguage\":\"sv-SE\"},{\"@type\":\"Organization\",\"@id\":\"https:\/\/castillodezalia.com\/#organization\",\"name\":\"Castillo de Zalia Conjunto Rural\",\"url\":\"https:\/\/castillodezalia.com\/\",\"logo\":{\"@type\":\"ImageObject\",\"inLanguage\":\"sv-SE\",\"@id\":\"https:\/\/castillodezalia.com\/#\/schema\/logo\/image\/\",\"url\":\"https:\/\/castillodezalia.com\/wp-content\/uploads\/2024\/10\/351751756.jpg\",\"contentUrl\":\"https:\/\/castillodezalia.com\/wp-content\/uploads\/2024\/10\/351751756.jpg\",\"width\":1024,\"height\":652,\"caption\":\"Castillo de Zalia Conjunto Rural\"},\"image\":{\"@id\":\"https:\/\/castillodezalia.com\/#\/schema\/logo\/image\/\"}}]}<\/script>\n<!-- \/ Yoast SEO plugin. -->","yoast_head_json":{"title":"Normas Mascotas - Castillo de Zalia Conjunto Rural","robots":{"index":"index","follow":"follow","max-snippet":"max-snippet:-1","max-image-preview":"max-image-preview:large","max-video-preview":"max-video-preview:-1"},"canonical":"https:\/\/castillodezalia.com\/sv\/regler-for-sallskapsdjur\/","og_locale":"sv_SE","og_type":"article","og_title":"Normas Mascotas - Castillo de Zalia Conjunto Rural","og_description":"\u00a1Tus mascotas en conjunto rural Castillo de Zalia! En nuestro conjunto rural sabemos que es muy importante que tus&nbsp;vacaciones&nbsp;sean inolvidables, y por eso \u00e9stas no pueden serlo si no viene toda tu&nbsp;familia\u2026 y con toda nos referimos a tus&nbsp;mascotas&nbsp;(ya sean perros o gatos). Por eso a partir de ahora podr\u00e1s venir con tus mascotas a [&hellip;]","og_url":"https:\/\/castillodezalia.com\/sv\/regler-for-sallskapsdjur\/","og_site_name":"Castillo de Zalia Conjunto Rural","article_modified_time":"2024-10-29T15:01:09+00:00","twitter_card":"summary_large_image","twitter_misc":{"Ber\u00e4knad l\u00e4stid":"1 minut"},"schema":{"@context":"https:\/\/schema.org","@graph":[{"@type":"WebPage","@id":"https:\/\/castillodezalia.com\/normas-mascotas\/","url":"https:\/\/castillodezalia.com\/normas-mascotas\/","name":"Normas Mascotas - Castillo de Zalia Conjunto Rural","isPartOf":{"@id":"https:\/\/castillodezalia.com\/#website"},"datePublished":"2024-10-29T14:57:34+00:00","dateModified":"2024-10-29T15:01:09+00:00","breadcrumb":{"@id":"https:\/\/castillodezalia.com\/normas-mascotas\/#breadcrumb"},"inLanguage":"sv-SE","potentialAction":[{"@type":"ReadAction","target":["https:\/\/castillodezalia.com\/normas-mascotas\/"]}]},{"@type":"BreadcrumbList","@id":"https:\/\/castillodezalia.com\/normas-mascotas\/#breadcrumb","itemListElement":[{"@type":"ListItem","position":1,"name":"Portada","item":"https:\/\/castillodezalia.com\/"},{"@type":"ListItem","position":2,"name":"Normas Mascotas"}]},{"@type":"WebSite","@id":"https:\/\/castillodezalia.com\/#website","url":"https:\/\/castillodezalia.com\/","name":"Castillo de Zalia Conjunto Rural","description":"","publisher":{"@id":"https:\/\/castillodezalia.com\/#organization"},"potentialAction":[{"@type":"SearchAction","target":{"@type":"EntryPoint","urlTemplate":"https:\/\/castillodezalia.com\/?s={search_term_string}"},"query-input":{"@type":"PropertyValueSpecification","valueRequired":true,"valueName":"search_term_string"}}],"inLanguage":"sv-SE"},{"@type":"Organization","@id":"https:\/\/castillodezalia.com\/#organization","name":"Castillo de Zalia Conjunto Rural","url":"https:\/\/castillodezalia.com\/","logo":{"@type":"ImageObject","inLanguage":"sv-SE","@id":"https:\/\/castillodezalia.com\/#\/schema\/logo\/image\/","url":"https:\/\/castillodezalia.com\/wp-content\/uploads\/2024\/10\/351751756.jpg","contentUrl":"https:\/\/castillodezalia.com\/wp-content\/uploads\/2024\/10\/351751756.jpg","width":1024,"height":652,"caption":"Castillo de Zalia Conjunto Rural"},"image":{"@id":"https:\/\/castillodezalia.com\/#\/schema\/logo\/image\/"}}]}},"_links":{"self":[{"href":"https:\/\/castillodezalia.com\/sv\/wp-json\/wp\/v2\/pages\/649"}],"collection":[{"href":"https:\/\/castillodezalia.com\/sv\/wp-json\/wp\/v2\/pages"}],"about":[{"href":"https:\/\/castillodezalia.com\/sv\/wp-json\/wp\/v2\/types\/page"}],"author":[{"embeddable":true,"href":"https:\/\/castillodezalia.com\/sv\/wp-json\/wp\/v2\/users\/1"}],"replies":[{"embeddable":true,"href":"https:\/\/castillodezalia.com\/sv\/wp-json\/wp\/v2\/comments?post=649"}],"version-history":[{"count":4,"href":"https:\/\/castillodezalia.com\/sv\/wp-json\/wp\/v2\/pages\/649\/revisions"}],"predecessor-version":[{"id":660,"href":"https:\/\/castillodezalia.com\/sv\/wp-json\/wp\/v2\/pages\/649\/revisions\/660"}],"wp:attachment":[{"href":"https:\/\/castillodezalia.com\/sv\/wp-json\/wp\/v2\/media?parent=649"}],"curies":[{"name":"wp","href":"https:\/\/api.w.org\/{rel}","templated":true}]}}